{"id":1309,"date":"2021-03-11T10:14:30","date_gmt":"2021-03-11T08:14:30","guid":{"rendered":"https:\/\/opmandamados.gr\/?page_id=1309"},"modified":"2021-05-04T17:41:32","modified_gmt":"2021-05-04T14:41:32","slug":"%cf%83%ce%b7%ce%bc%ce%b5%ce%af%ce%b1-%cf%80%cf%8e%ce%bb%ce%b7%cf%83%ce%b7%cf%82","status":"publish","type":"page","link":"https:\/\/opmandamados.gr\/tr\/%cf%83%ce%b7%ce%bc%ce%b5%ce%af%ce%b1-%cf%80%cf%8e%ce%bb%ce%b7%cf%83%ce%b7%cf%82\/","title":{"rendered":"SATI\u015e NOKTALARI"},"content":{"rendered":"<div class=\"wpb-content-wrapper\"><p>[vc_row full_width=&#8221;stretch_row&#8221; css=&#8221;.vc_custom_1615386472019{padding-top: 50px !important;padding-bottom: 50px !important;background-position: center !important;background-repeat: no-repeat !important;background-size: cover !important;}&#8221;][vc_column][vc_row_inner css=&#8221;.vc_custom_1615386466421{padding-top: 50px !important;padding-bottom: 50px !important;background-image: url(http:\/\/vietcao.local\/organie-pri\/wp-content\/uploads\/2016\/11\/about_v2_1.jpg?id=369) !important;background-position: 0 0 !important;background-repeat: no-repeat !important;}&#8221;][vc_column_inner css=&#8221;.vc_custom_1478080472179{margin-top: 0px !important;margin-bottom: 0px !important;padding-top: 0px !important;padding-bottom: 0px !important;}&#8221;][vc_custom_heading text=&#8221;SATI\u015e NOKTALARI&#8221; font_container=&#8221;tag:h4|text_align:center&#8221; use_theme_fonts=&#8221;&#8221; google_fonts=&#8221;font_family:Open%20Sans%3A300%2C300italic%2Cregular%2Citalic%2C600%2C600italic%2C700%2C700italic%2C800%2C800italic|font_style:400%20regular%3A400%3Anormal&#8221; font_weight=&#8221;&#8221;][vc_column_text]<strong>Mantamados<\/strong><\/p>\n<p>Mantamados k\u00f6y\u00fcn\u00fcn g\u00fczellerinin tad\u0131n\u0131 \u00e7\u0131karan ziyaret\u00e7i ayn\u0131 zamanda Pamgemiston Taksiarhon Manast\u0131r\u0131n\u0131 da ziyaret edebilmektedir. Kilisenin kar\u015f\u0131s\u0131nda bulunan Peynir \u0130malathanemizin \u00f6n taraf\u0131nda perakende sat\u0131\u015f ma\u011fazam\u0131z yer almaktad\u0131r. Misafirimiz, \u00fcr\u00fcnlerimizi \u00fcretim yerinde en iyi fiyatlarla bulabilecektir.<\/p>\n<p>E\u015fsiz tat ve lezzete sahip geleneksel peynir \u00fcr\u00fcnleri, her ziyaret\u00e7inin kendisi, ailesi, sevdikleri ve yak\u0131nlar\u0131 i\u00e7in k\u00f6y\u00fcm\u00fczden alabilece\u011fi en g\u00fczel Hediyedir. Sat\u0131\u015f yerimizin b\u00fcy\u00fck ara\u00e7 park yeri, m\u00fc\u015fterilerimize peynirlerimizi en iyi fiyatlarla yak\u0131ndan g\u00f6rme f\u0131rsat\u0131 sa\u011flamaktad\u0131r.<\/p>\n<p>[\/vc_column_text][\/vc_column_inner][\/vc_row_inner][\/vc_column][\/vc_row]<\/p>\n<\/div>","protected":false},"excerpt":{"rendered":"<p>[vc_row full_width=&#8221;stretch_row&#8221; css=&#8221;.vc_custom_1615386472019{padding-top: 50px !important;padding-bottom: 50px !important;background-position: center !important;background-repeat: no-repeat !important;background-size: cover !important;}&#8221;][vc_column][vc_row_inner css=&#8221;.vc_custom_1615386466421{padding-top: 50px !important;padding-bottom: 50px !important;background-image: url(http:\/\/vietcao.local\/organie-pri\/wp-content\/uploads\/2016\/11\/about_v2_1.jpg?id=369) !important;background-position: 0 0 !important;background-repeat: no-repeat !important;}&#8221;][vc_column_inner css=&#8221;.vc_custom_1478080472179{margin-top: 0px !important;margin-bottom: 0px !important;padding-top: 0px !important;padding-bottom: 0px !important;}&#8221;][vc_custom_heading text=&#8221;SATI\u015e NOKTALARI&#8221; font_container=&#8221;tag:h4|text_align:center&#8221; use_theme_fonts=&#8221;&#8221; google_fonts=&#8221;font_family:Open%20Sans%3A300%2C300italic%2Cregular%2Citalic%2C600%2C600italic%2C700%2C700italic%2C800%2C800italic|font_style:400%20regular%3A400%3Anormal&#8221; font_weight=&#8221;&#8221;][vc_column_text]Mantamados Mantamados k\u00f6y\u00fcn\u00fcn g\u00fczellerinin tad\u0131n\u0131 \u00e7\u0131karan ziyaret\u00e7i ayn\u0131 zamanda Pamgemiston Taksiarhon Manast\u0131r\u0131n\u0131 da ziyaret edebilmektedir. Kilisenin&#8230;<\/p>\n","protected":false},"author":1,"featured_media":0,"parent":0,"menu_order":0,"comment_status":"closed","ping_status":"closed","template":"","meta":{"footnotes":""},"class_list":["post-1309","page","type-page","status-publish","hentry"],"_links":{"self":[{"href":"https:\/\/opmandamados.gr\/tr\/wp-json\/wp\/v2\/pages\/1309","targetHints":{"allow":["GET"]}}],"collection":[{"href":"https:\/\/opmandamados.gr\/tr\/wp-json\/wp\/v2\/pages"}],"about":[{"href":"https:\/\/opmandamados.gr\/tr\/wp-json\/wp\/v2\/types\/page"}],"author":[{"embeddable":true,"href":"https:\/\/opmandamados.gr\/tr\/wp-json\/wp\/v2\/users\/1"}],"replies":[{"embeddable":true,"href":"https:\/\/opmandamados.gr\/tr\/wp-json\/wp\/v2\/comments?post=1309"}],"version-history":[{"count":5,"href":"https:\/\/opmandamados.gr\/tr\/wp-json\/wp\/v2\/pages\/1309\/revisions"}],"predecessor-version":[{"id":1624,"href":"https:\/\/opmandamados.gr\/tr\/wp-json\/wp\/v2\/pages\/1309\/revisions\/1624"}],"wp:attachment":[{"href":"https:\/\/opmandamados.gr\/tr\/wp-json\/wp\/v2\/media?parent=1309"}],"curies":[{"name":"wp","href":"https:\/\/api.w.org\/{rel}","templated":true}]}}