{"id":1313,"date":"2021-03-11T10:25:54","date_gmt":"2021-03-11T08:25:54","guid":{"rendered":"https:\/\/opmandamados.gr\/?page_id=1313"},"modified":"2021-05-04T17:44:38","modified_gmt":"2021-05-04T14:44:38","slug":"%cf%83%cf%85%ce%bd%cf%84%ce%b1%ce%b3%ce%ad%cf%82","status":"publish","type":"page","link":"https:\/\/opmandamados.gr\/tr\/%cf%83%cf%85%ce%bd%cf%84%ce%b1%ce%b3%ce%ad%cf%82\/","title":{"rendered":"TAR\u0130FLER"},"content":{"rendered":"<div class=\"wpb-content-wrapper\"><p>[vc_row full_width=&#8221;stretch_row&#8221; css=&#8221;.vc_custom_1615451493318{margin-top: 0px !important;margin-bottom: 0px !important;padding-top: 50px !important;}&#8221;][vc_column css=&#8221;.vc_custom_1478069690708{padding-top: 0px !important;}&#8221;][vc_row_inner equal_height=&#8221;yes&#8221; content_placement=&#8221;middle&#8221; css=&#8221;.vc_custom_1615451154357{padding-top: 50px !important;padding-bottom: 50px !important;background-image: url(http:\/\/vietcao.local\/organie-pri\/wp-content\/uploads\/2016\/11\/about_v2_1.jpg?id=369) !important;background-position: 0 0 !important;background-repeat: no-repeat !important;}&#8221;][vc_column_inner width=&#8221;1\/2&#8243; css=&#8221;.vc_custom_1478080472179{margin-top: 0px !important;margin-bottom: 0px !important;padding-top: 0px !important;padding-bottom: 0px !important;}&#8221;][vc_column_text]<strong>Feta ve ya\u011fl\u0131 peynir ile haz\u0131rlanm\u0131\u015f peynir kroket<\/strong><\/p>\n<p>Malzemeler:<\/p>\n<p>1\/4 Mantamados Tar\u0131m Kooperatifi Fetas\u0131<\/p>\n<p>1\/4 Mantamados Tar\u0131m Kooperatifi Ya\u011fl\u0131 peyniri<\/p>\n<p>Un<\/p>\n<p>2 yumurta (\u00e7\u0131rp\u0131lm\u0131\u015f)<\/p>\n<p>Biber<\/p>\n<p>Midilli adas\u0131 zeytin ya\u011f\u0131 (K\u0131zartma i\u00e7in)<\/p>\n<p>Yap\u0131m\u0131:<\/p>\n<p>Bir \u00e7atal yard\u0131m\u0131yla malzemeleri eziniz. Daha sonra rendelenmi\u015f ya\u011fl\u0131 peyniri ekleyiniz. Ard\u0131ndan yumurtalar\u0131 ekleyip kar\u0131\u015ft\u0131r\u0131n\u0131z. Biber ekleyip t\u00fcm malzemeleri iyice kar\u0131\u015ft\u0131r\u0131p kroketler i\u00e7in iyi bir hamur elde ediniz. Una bulay\u0131n\u0131z ve Midilli adas\u0131 zeytin ya\u011f\u0131n\u0131n i\u00e7erisinde k\u0131zart\u0131n\u0131z.<\/p>\n<p>[\/vc_column_text][\/vc_column_inner][vc_column_inner width=&#8221;1\/2&#8243;][vc_single_image image=&#8221;1314&#8243; img_size=&#8221;full&#8221; alignment=&#8221;center&#8221; show_border=&#8221;yes&#8221;][\/vc_column_inner][\/vc_row_inner][\/vc_column][\/vc_row][vc_row full_width=&#8221;stretch_row&#8221; css=&#8221;.vc_custom_1615451441093{margin-top: 0px !important;margin-bottom: 0px !important;padding-bottom: 50px !important;background-color: #e8f0de !important;}&#8221;][vc_column css=&#8221;.vc_custom_1478069690708{padding-top: 0px !important;}&#8221;][vc_row_inner equal_height=&#8221;yes&#8221; content_placement=&#8221;middle&#8221; css=&#8221;.vc_custom_1615451154357{padding-top: 50px !important;padding-bottom: 50px !important;background-image: url(http:\/\/vietcao.local\/organie-pri\/wp-content\/uploads\/2016\/11\/about_v2_1.jpg?id=369) !important;background-position: 0 0 !important;background-repeat: no-repeat !important;}&#8221;][vc_column_inner width=&#8221;1\/2&#8243; css=&#8221;.vc_custom_1478080472179{margin-top: 0px !important;margin-bottom: 0px !important;padding-top: 0px !important;padding-bottom: 0px !important;}&#8221;][vc_column_text]<strong>Buyurdi<\/strong><\/p>\n<p>Malzemeler:<\/p>\n<p>2 adet kal\u0131n kesilmi\u015f Mantamados Tar\u0131m Kooperatifi Fetas\u0131<\/p>\n<p>3 dilim Mantamados Tar\u0131m Kooperatifi Gravyeri<\/p>\n<p>2 dilim domates<\/p>\n<p>1\/2\u00a0 ince do\u011franm\u0131\u015f ye\u015fil biber<\/p>\n<p>Midilli adas\u0131 zeytin ya\u011f\u0131<\/p>\n<p>Kekik<\/p>\n<p>K\u0131rm\u0131z\u0131 biber<\/p>\n<p>\u0130ste\u011fe g\u00f6re pul biber<\/p>\n<p>Yap\u0131m\u0131:<\/p>\n<p>\u0130lk olarak kil bir kab\u0131n i\u00e7erisine feta peynirini koyunuz. \u00dczerine gravyeri yerle\u015ftiriniz ve daha sonra da domates ve kesmi\u015f oldu\u011funuz biber par\u00e7alar\u0131n\u0131 ekleyiniz. Biraz zeytin ya\u011f\u0131, kekik ve istedi\u011finiz kadar da k\u0131r\u0131m\u0131z\u0131 biber ekleyiniz. 2 \u2013 2,5 dakika mikrodalga f\u0131r\u0131nda pi\u015firiniz. E\u011fer zaman\u0131n\u0131z varsa peynirler k\u0131zarana kadar normal f\u0131r\u0131nda da haz\u0131rlayabilirsiniz.<\/p>\n<p>[\/vc_column_text][\/vc_column_inner][vc_column_inner width=&#8221;1\/2&#8243;][vc_single_image image=&#8221;1318&#8243; img_size=&#8221;full&#8221; alignment=&#8221;center&#8221; show_border=&#8221;yes&#8221;][\/vc_column_inner][\/vc_row_inner][\/vc_column][\/vc_row]<\/p>\n<\/div>","protected":false},"excerpt":{"rendered":"<p>[vc_row full_width=&#8221;stretch_row&#8221; css=&#8221;.vc_custom_1615451493318{margin-top: 0px !important;margin-bottom: 0px !important;padding-top: 50px !important;}&#8221;][vc_column css=&#8221;.vc_custom_1478069690708{padding-top: 0px !important;}&#8221;][vc_row_inner equal_height=&#8221;yes&#8221; content_placement=&#8221;middle&#8221; css=&#8221;.vc_custom_1615451154357{padding-top: 50px !important;padding-bottom: 50px !important;background-image: url(http:\/\/vietcao.local\/organie-pri\/wp-content\/uploads\/2016\/11\/about_v2_1.jpg?id=369) !important;background-position: 0 0 !important;background-repeat: no-repeat !important;}&#8221;][vc_column_inner width=&#8221;1\/2&#8243; css=&#8221;.vc_custom_1478080472179{margin-top: 0px !important;margin-bottom: 0px !important;padding-top: 0px !important;padding-bottom: 0px !important;}&#8221;][vc_column_text]Feta ve ya\u011fl\u0131 peynir ile haz\u0131rlanm\u0131\u015f peynir kroket Malzemeler: 1\/4 Mantamados Tar\u0131m Kooperatifi Fetas\u0131 1\/4 Mantamados Tar\u0131m Kooperatifi Ya\u011fl\u0131 peyniri&#8230;<\/p>\n","protected":false},"author":1,"featured_media":0,"parent":0,"menu_order":0,"comment_status":"closed","ping_status":"closed","template":"","meta":{"footnotes":""},"class_list":["post-1313","page","type-page","status-publish","hentry"],"_links":{"self":[{"href":"https:\/\/opmandamados.gr\/tr\/wp-json\/wp\/v2\/pages\/1313","targetHints":{"allow":["GET"]}}],"collection":[{"href":"https:\/\/opmandamados.gr\/tr\/wp-json\/wp\/v2\/pages"}],"about":[{"href":"https:\/\/opmandamados.gr\/tr\/wp-json\/wp\/v2\/types\/page"}],"author":[{"embeddable":true,"href":"https:\/\/opmandamados.gr\/tr\/wp-json\/wp\/v2\/users\/1"}],"replies":[{"embeddable":true,"href":"https:\/\/opmandamados.gr\/tr\/wp-json\/wp\/v2\/comments?post=1313"}],"version-history":[{"count":8,"href":"https:\/\/opmandamados.gr\/tr\/wp-json\/wp\/v2\/pages\/1313\/revisions"}],"predecessor-version":[{"id":1625,"href":"https:\/\/opmandamados.gr\/tr\/wp-json\/wp\/v2\/pages\/1313\/revisions\/1625"}],"wp:attachment":[{"href":"https:\/\/opmandamados.gr\/tr\/wp-json\/wp\/v2\/media?parent=1313"}],"curies":[{"name":"wp","href":"https:\/\/api.w.org\/{rel}","templated":true}]}}