{"id":1563,"date":"2021-04-21T16:14:16","date_gmt":"2021-04-21T13:14:16","guid":{"rendered":"https:\/\/opmandamados.gr\/?page_id=1563"},"modified":"2021-05-05T09:43:45","modified_gmt":"2021-05-05T06:43:45","slug":"payment-options","status":"publish","type":"page","link":"https:\/\/opmandamados.gr\/tr\/payment-options\/","title":{"rendered":"\u00d6deme yollar\u0131"},"content":{"rendered":"<p>Sipari\u015finiz a\u015fa\u011f\u0131daki \u015fekillerde \u00f6denebilir:<\/p>\n<ol>\n<li style=\"list-style-type: none;\">\n<ol>\n<li>1,80 Euro art\u0131\u015fla teslimatta nakit<\/li>\n<li>Banka mevduat\u0131 ile<\/li>\n<\/ol>\n<\/li>\n<\/ol>\n<p>Banka Hesab\u0131<\/p>\n<p>PIRAEUS BANK 6355-040030-284<br \/>\nIBAN GR63 0171 3550 0063 5504 0030 284<\/p>\n<p>ALPHA BANK 601-00-2320-002011<br \/>\nIBAN GR24 0140 6010 6010 0232 0002 011<\/p>\n<p>EUROBANK 0026.0463.98.0200259566<br \/>\nIBAN GR9602604630000980200259566<\/p>","protected":false},"excerpt":{"rendered":"<p>Sipari\u015finiz a\u015fa\u011f\u0131daki \u015fekillerde \u00f6denebilir: 1,80 Euro art\u0131\u015fla teslimatta nakit Banka mevduat\u0131 ile Banka Hesab\u0131 PIRAEUS BANK 6355-040030-284 IBAN GR63 0171 3550 0063 5504 0030 284 ALPHA BANK 601-00-2320-002011 IBAN GR24 0140 6010 6010 0232 0002 011 EUROBANK 0026.0463.98.0200259566 IBAN GR9602604630000980200259566<\/p>\n","protected":false},"author":1,"featured_media":0,"parent":0,"menu_order":0,"comment_status":"closed","ping_status":"closed","template":"","meta":{"footnotes":""},"class_list":["post-1563","page","type-page","status-publish","hentry"],"_links":{"self":[{"href":"https:\/\/opmandamados.gr\/tr\/wp-json\/wp\/v2\/pages\/1563","targetHints":{"allow":["GET"]}}],"collection":[{"href":"https:\/\/opmandamados.gr\/tr\/wp-json\/wp\/v2\/pages"}],"about":[{"href":"https:\/\/opmandamados.gr\/tr\/wp-json\/wp\/v2\/types\/page"}],"author":[{"embeddable":true,"href":"https:\/\/opmandamados.gr\/tr\/wp-json\/wp\/v2\/users\/1"}],"replies":[{"embeddable":true,"href":"https:\/\/opmandamados.gr\/tr\/wp-json\/wp\/v2\/comments?post=1563"}],"version-history":[{"count":3,"href":"https:\/\/opmandamados.gr\/tr\/wp-json\/wp\/v2\/pages\/1563\/revisions"}],"predecessor-version":[{"id":1630,"href":"https:\/\/opmandamados.gr\/tr\/wp-json\/wp\/v2\/pages\/1563\/revisions\/1630"}],"wp:attachment":[{"href":"https:\/\/opmandamados.gr\/tr\/wp-json\/wp\/v2\/media?parent=1563"}],"curies":[{"name":"wp","href":"https:\/\/api.w.org\/{rel}","templated":true}]}}