{"id":1565,"date":"2021-04-21T16:17:02","date_gmt":"2021-04-21T13:17:02","guid":{"rendered":"https:\/\/opmandamados.gr\/?page_id=1565"},"modified":"2021-05-05T09:49:33","modified_gmt":"2021-05-05T06:49:33","slug":"shipping-options","status":"publish","type":"page","link":"https:\/\/opmandamados.gr\/tr\/shipping-options\/","title":{"rendered":"Nakliye Y\u00f6ntemleri"},"content":{"rendered":"<p>\u00dcr\u00fcnler kurye \u015firketi ile g\u00f6nderilir.<\/p>\n<p>6 kg \u00fczeri ve 20 kg a\u011f\u0131rl\u0131\u011fa kadar olan sipari\u015fler i\u00e7in nakliye, nakliye acentesinden teslim al\u0131nd\u0131ktan sonra bir nakliye \u015firketi (Buzdolab\u0131 ta\u015f\u0131mac\u0131l\u0131\u011f\u0131) ile yap\u0131labilir<\/p>\n<p>EFAM SA AT\u0130NA POL\u0130KRAT\u00d6Z 15 K\u0130RALIK TEL 2104818418<\/p>\n<p>KASSOUDAKI BROS SA Atina, Selanik, Girit, Rodos, Kos, Kalimnos, Chios, tel.213018900<\/p>","protected":false},"excerpt":{"rendered":"<p>\u00dcr\u00fcnler kurye \u015firketi ile g\u00f6nderilir. 6 kg \u00fczeri ve 20 kg a\u011f\u0131rl\u0131\u011fa kadar olan sipari\u015fler i\u00e7in nakliye, nakliye acentesinden teslim al\u0131nd\u0131ktan sonra bir nakliye \u015firketi (Buzdolab\u0131 ta\u015f\u0131mac\u0131l\u0131\u011f\u0131) ile yap\u0131labilir EFAM SA AT\u0130NA POL\u0130KRAT\u00d6Z 15 K\u0130RALIK TEL 2104818418 KASSOUDAKI BROS SA Atina, Selanik, Girit, Rodos, Kos, Kalimnos, Chios, tel.213018900<\/p>\n","protected":false},"author":1,"featured_media":0,"parent":0,"menu_order":0,"comment_status":"closed","ping_status":"closed","template":"","meta":{"footnotes":""},"class_list":["post-1565","page","type-page","status-publish","hentry"],"_links":{"self":[{"href":"https:\/\/opmandamados.gr\/tr\/wp-json\/wp\/v2\/pages\/1565","targetHints":{"allow":["GET"]}}],"collection":[{"href":"https:\/\/opmandamados.gr\/tr\/wp-json\/wp\/v2\/pages"}],"about":[{"href":"https:\/\/opmandamados.gr\/tr\/wp-json\/wp\/v2\/types\/page"}],"author":[{"embeddable":true,"href":"https:\/\/opmandamados.gr\/tr\/wp-json\/wp\/v2\/users\/1"}],"replies":[{"embeddable":true,"href":"https:\/\/opmandamados.gr\/tr\/wp-json\/wp\/v2\/comments?post=1565"}],"version-history":[{"count":3,"href":"https:\/\/opmandamados.gr\/tr\/wp-json\/wp\/v2\/pages\/1565\/revisions"}],"predecessor-version":[{"id":1632,"href":"https:\/\/opmandamados.gr\/tr\/wp-json\/wp\/v2\/pages\/1565\/revisions\/1632"}],"wp:attachment":[{"href":"https:\/\/opmandamados.gr\/tr\/wp-json\/wp\/v2\/media?parent=1565"}],"curies":[{"name":"wp","href":"https:\/\/api.w.org\/{rel}","templated":true}]}}