{"id":1567,"date":"2021-04-21T16:19:46","date_gmt":"2021-04-21T13:19:46","guid":{"rendered":"https:\/\/opmandamados.gr\/?page_id=1567"},"modified":"2021-05-05T09:52:15","modified_gmt":"2021-05-05T06:52:15","slug":"cancelation-policy","status":"publish","type":"page","link":"https:\/\/opmandamados.gr\/tr\/cancelation-policy\/","title":{"rendered":"\u0130ade politikasi"},"content":{"rendered":"<p>Nakliye s\u0131ras\u0131nda hasarl\u0131 \u00fcr\u00fcnler teslim alman\u0131z durumunda, iade i\u015flemi i\u00e7in l\u00fctfen en k\u0131sa s\u00fcrede bizimle ileti\u015fime ge\u00e7in.<\/p>\n<p>E-mail: <a href=\"mailto:asmadama@otenet.gr\" data-wahfont=\"15\">asmadama@otenet.gr<\/a><\/p>\n<p>Tel. +30 2253 0 61270<\/p>","protected":false},"excerpt":{"rendered":"<p>Nakliye s\u0131ras\u0131nda hasarl\u0131 \u00fcr\u00fcnler teslim alman\u0131z durumunda, iade i\u015flemi i\u00e7in l\u00fctfen en k\u0131sa s\u00fcrede bizimle ileti\u015fime ge\u00e7in. E-mail: asmadama@otenet.gr Tel. +30 2253 0 61270<\/p>\n","protected":false},"author":1,"featured_media":0,"parent":0,"menu_order":0,"comment_status":"closed","ping_status":"closed","template":"","meta":{"footnotes":""},"class_list":["post-1567","page","type-page","status-publish","hentry"],"_links":{"self":[{"href":"https:\/\/opmandamados.gr\/tr\/wp-json\/wp\/v2\/pages\/1567","targetHints":{"allow":["GET"]}}],"collection":[{"href":"https:\/\/opmandamados.gr\/tr\/wp-json\/wp\/v2\/pages"}],"about":[{"href":"https:\/\/opmandamados.gr\/tr\/wp-json\/wp\/v2\/types\/page"}],"author":[{"embeddable":true,"href":"https:\/\/opmandamados.gr\/tr\/wp-json\/wp\/v2\/users\/1"}],"replies":[{"embeddable":true,"href":"https:\/\/opmandamados.gr\/tr\/wp-json\/wp\/v2\/comments?post=1567"}],"version-history":[{"count":3,"href":"https:\/\/opmandamados.gr\/tr\/wp-json\/wp\/v2\/pages\/1567\/revisions"}],"predecessor-version":[{"id":1634,"href":"https:\/\/opmandamados.gr\/tr\/wp-json\/wp\/v2\/pages\/1567\/revisions\/1634"}],"wp:attachment":[{"href":"https:\/\/opmandamados.gr\/tr\/wp-json\/wp\/v2\/media?parent=1567"}],"curies":[{"name":"wp","href":"https:\/\/api.w.org\/{rel}","templated":true}]}}