{"id":163,"date":"2016-10-20T07:28:45","date_gmt":"2016-10-20T07:28:45","guid":{"rendered":"https:\/\/opmandamados.gr\/index.php\/contact-02\/"},"modified":"2021-05-05T15:54:05","modified_gmt":"2021-05-05T12:54:05","slug":"contact-us","status":"publish","type":"page","link":"https:\/\/opmandamados.gr\/tr\/contact-us\/","title":{"rendered":"\u0130LET\u0130\u015e\u0130M"},"content":{"rendered":"<div class=\"wpb-content-wrapper\"><p><\/p>\n<p>[vc_row full_width=&#8221;stretch_row_content_no_spaces&#8221;][vc_column]\n\t\t\t<!-- START epikoinonia TR REVOLUTION SLIDER 6.3.3 --><p class=\"rs-p-wp-fix\"><\/p>\n\t\t\t<rs-module-wrap id=\"rev_slider_16_3_wrapper\" data-source=\"gallery\" style=\"background:transparent;padding:0;margin:0px auto;margin-top:0;margin-bottom:0;\">\n\t\t\t\t<rs-module id=\"rev_slider_16_3\" style=\"\" data-version=\"6.3.3\">\n\t\t\t\t\t<rs-slides>\n\t\t\t\t\t\t<rs-slide data-key=\"rs-44\" data-title=\"Slide\" data-anim=\"ei:d;eo:d;s:600;r:0;t:fade;sl:d;\">\n\t\t\t\t\t\t\t<img loading=\"lazy\" decoding=\"async\" src=\"\/\/opmandamados.gr\/wp-content\/uploads\/2021\/03\/Epikoinonia.jpg\" title=\"Epikoinonia\" width=\"1920\" height=\"749\" class=\"rev-slidebg\" data-no-retina>\n<!--\n\t\t\t\t\t\t\t--><rs-layer\n\t\t\t\t\t\t\t\tid=\"slider-16-slide-44-layer-1\" \n\t\t\t\t\t\t\t\tdata-type=\"text\"\n\t\t\t\t\t\t\t\tdata-color=\"rgba(255,255,255,1)\"\n\t\t\t\t\t\t\t\tdata-rsp_ch=\"on\"\n\t\t\t\t\t\t\t\tdata-xy=\"x:c;xo:0,0,3px,0;y:m;yo:-1px,-1px,-35px,0;\"\n\t\t\t\t\t\t\t\tdata-text=\"w:normal,normal,normal,normal;s:40;l:64,64,64,50;ls:2px;fw:800;a:center;\"\n\t\t\t\t\t\t\t\tdata-dim=\"w:674px,674px,100%,100%;h:70px,70px,auto,auto;\"\n\t\t\t\t\t\t\t\tdata-frame_0=\"y:-100%;o:1;\"\n\t\t\t\t\t\t\t\tdata-frame_0_mask=\"u:t;\"\n\t\t\t\t\t\t\t\tdata-frame_1=\"st:510;sp:740;\"\n\t\t\t\t\t\t\t\tdata-frame_1_mask=\"u:t;\"\n\t\t\t\t\t\t\t\tdata-frame_999=\"o:0;e:nothing;st:w;\"\n\t\t\t\t\t\t\t\tstyle=\"z-index:5;font-family:Open Sans;\"\n\t\t\t\t\t\t\t>\u0130LET\u0130\u015e\u0130M \n\t\t\t\t\t\t\t<\/rs-layer><!--\n\n\t\t\t\t\t\t\t--><rs-layer\n\t\t\t\t\t\t\t\tid=\"slider-16-slide-44-layer-7\" \n\t\t\t\t\t\t\t\tdata-type=\"image\"\n\t\t\t\t\t\t\t\tdata-rsp_ch=\"on\"\n\t\t\t\t\t\t\t\tdata-xy=\"x:c;xo:-332px,-332px,-332px,-173px;y:m;yo:5px,5px,5px,2px;\"\n\t\t\t\t\t\t\t\tdata-text=\"l:22;\"\n\t\t\t\t\t\t\t\tdata-dim=\"w:['31px','31px','31px','31px'];h:['24px','24px','24px','24px'];\"\n\t\t\t\t\t\t\t\tdata-frame_1=\"e:power2.inOut;st:1400;\"\n\t\t\t\t\t\t\t\tdata-frame_999=\"o:0;e:nothing;st:w;\"\n\t\t\t\t\t\t\t\tstyle=\"z-index:8;\"\n\t\t\t\t\t\t\t> \n\t\t\t\t\t\t\t<\/rs-layer><!--\n\n\t\t\t\t\t\t\t--><rs-layer\n\t\t\t\t\t\t\t\tid=\"slider-16-slide-44-layer-8\" \n\t\t\t\t\t\t\t\tdata-type=\"image\"\n\t\t\t\t\t\t\t\tdata-rsp_ch=\"on\"\n\t\t\t\t\t\t\t\tdata-xy=\"x:c;xo:329px,329px,329px,169px;y:m;yo:9px,9px,9px,4px;\"\n\t\t\t\t\t\t\t\tdata-text=\"l:22;\"\n\t\t\t\t\t\t\t\tdata-dim=\"w:['31px','31px','31px','31px'];h:['24px','24px','24px','24px'];\"\n\t\t\t\t\t\t\t\tdata-frame_0=\"rZ:180;oX:%;oY:%;oZ:%;\"\n\t\t\t\t\t\t\t\tdata-frame_1=\"rZ:180;oX:%;oY:%;oZ:%;e:power2.inOut;st:1400;\"\n\t\t\t\t\t\t\t\tdata-frame_999=\"o:0;e:nothing;st:w;\"\n\t\t\t\t\t\t\t\tstyle=\"z-index:9;\"\n\t\t\t\t\t\t\t> \n\t\t\t\t\t\t\t<\/rs-layer><!--\n-->\t\t\t\t\t\t<\/rs-slide>\n\t\t\t\t\t<\/rs-slides>\n\t\t\t\t<\/rs-module>\n\t\t\t\t<script type=\"text\/javascript\">\n\t\t\t\t\tsetREVStartSize({c: 'rev_slider_16_3',rl:[1240,1024,778,320],el:[750,768,960,720],gw:[1920,1024,720,300],gh:[750,768,960,720],type:'standard',justify:'',layout:'fullwidth',mh:\"0\"});\n\t\t\t\t\tvar\trevapi16,\n\t\t\t\t\t\ttpj;\n\t\t\t\t\tfunction revinit_revslider163() {\n\t\t\t\t\tjQuery(function() {\n\t\t\t\t\t\ttpj = jQuery;\n\t\t\t\t\t\trevapi16 = tpj(\"#rev_slider_16_3\");\n\t\t\t\t\t\tif(revapi16==undefined || revapi16.revolution == undefined){\n\t\t\t\t\t\t\trevslider_showDoubleJqueryError(\"rev_slider_16_3\");\n\t\t\t\t\t\t}else{\n\t\t\t\t\t\t\trevapi16.revolution({\n\t\t\t\t\t\t\t\tsliderLayout:\"fullwidth\",\n\t\t\t\t\t\t\t\tvisibilityLevels:\"1240,1024,778,320\",\n\t\t\t\t\t\t\t\tgridwidth:\"1920,1024,720,300\",\n\t\t\t\t\t\t\t\tgridheight:\"750,768,960,720\",\n\t\t\t\t\t\t\t\tspinner:\"spinner3\",\n\t\t\t\t\t\t\t\tperspective:600,\n\t\t\t\t\t\t\t\tperspectiveType:\"local\",\n\t\t\t\t\t\t\t\teditorheight:\"750,768,960,720\",\n\t\t\t\t\t\t\t\tresponsiveLevels:\"1240,1024,778,320\",\n\t\t\t\t\t\t\t\tprogressBar: {\n\t\t\t\t\t\t\t\t\tcolor:\"rgba(0,0,0,0.15)\",\n\t\t\t\t\t\t\t\t\tvertical:\"top\",\n\t\t\t\t\t\t\t\t\tsize:5,\n\t\t\t\t\t\t\t\t\tx:0,\n\t\t\t\t\t\t\t\t\ty:0\n\t\t\t\t\t\t\t\t},\n\t\t\t\t\t\t\t\tnavigation: {\n\t\t\t\t\t\t\t\t\tonHoverStop:false\n\t\t\t\t\t\t\t\t},\n\t\t\t\t\t\t\t\tfallbacks: {\n\t\t\t\t\t\t\t\t\tallowHTML5AutoPlayOnAndroid:true\n\t\t\t\t\t\t\t\t},\n\t\t\t\t\t\t\t});\n\t\t\t\t\t\t}\n\t\t\t\t\t\t\n\t\t\t\t\t});\n\t\t\t\t\t} \/\/ End of RevInitScript\n\t\t\t\tvar once_revslider163 = false;\n\t\t\t\tif (document.readyState === \"loading\") {document.addEventListener('readystatechange',function() { if((document.readyState === \"interactive\" || document.readyState === \"complete\") && !once_revslider163 ) { once_revslider163 = true; revinit_revslider163();}});} else {once_revslider163 = true; revinit_revslider163();}\n\t\t\t\t<\/script>\n\t\t\t\t<script>\n\t\t\t\t\tvar htmlDivCss = '\t#rev_slider_16_3_wrapper rs-loader.spinner3 div { background-color: #FFFFFF !important; } ';\n\t\t\t\t\tvar htmlDiv = document.getElementById('rs-plugin-settings-inline-css');\n\t\t\t\t\tif(htmlDiv) {\n\t\t\t\t\t\thtmlDiv.innerHTML = htmlDiv.innerHTML + htmlDivCss;\n\t\t\t\t\t}else{\n\t\t\t\t\t\tvar htmlDiv = document.createElement('div');\n\t\t\t\t\t\thtmlDiv.innerHTML = '<style>' + htmlDivCss + '<\/style>';\n\t\t\t\t\t\tdocument.getElementsByTagName('head')[0].appendChild(htmlDiv.childNodes[0]);\n\t\t\t\t\t}\n\t\t\t\t<\/script>\n\t\t\t<\/rs-module-wrap>\n\t\t\t<!-- END REVOLUTION SLIDER -->\n[\/vc_column][\/vc_row][vc_row full_width=&#8221;stretch_row&#8221; css=&#8221;.vc_custom_1617733063637{padding-top: 100px !important;padding-bottom: 100px !important;background-image: url(http:\/\/vietcao.local\/organie-pri\/wp-content\/uploads\/2016\/10\/contact2-bg.jpg?id=180) !important;background-position: center !important;background-repeat: no-repeat !important;background-size: cover !important;}&#8221;][vc_column width=&#8221;1\/2&#8243;][vc_single_image image=&#8221;1507&#8243; img_size=&#8221;full&#8221; show_border=&#8221;yes&#8221;][\/vc_column][vc_column width=&#8221;1\/2&#8243;][vc_empty_space][vc_row_inner][vc_column_inner width=&#8221;1\/2&#8243;][insight_icon_boxes display_icon=&#8221;&#8221; icon_lib=&#8221;fontawesome&#8221; icon_fontawesome=&#8221;&#8221; element_tag=&#8221;&#8221; title=&#8221;Adres&#8221; css=&#8221;.vc_custom_1620218598334{padding-bottom: 30px !important;}&#8221;]Mantamados K\u00fc\u00e7\u00fckba\u015f Hayvan S\u00fct\u00fc \u00dcreticileri Derne\u011fi Tar\u0131m Kooperatifi, 811 04<br \/>\n[\/insight_icon_boxes][insight_icon_boxes display_icon=&#8221;&#8221; icon_lib=&#8221;fontawesome&#8221; icon_fontawesome=&#8221;&#8221; element_tag=&#8221;&#8221; title=&#8221;Email&#8221; css=&#8221;.vc_custom_1615308842983{padding-bottom: 30px !important;}&#8221;]asmadama@otenet.gr[\/insight_icon_boxes][insight_icon_boxes display_icon=&#8221;&#8221; icon_lib=&#8221;fontawesome&#8221; icon_fontawesome=&#8221;&#8221; element_tag=&#8221;&#8221; title=&#8221;\u0130lgili Ba\u011flant\u0131lar&#8221;][\/insight_icon_boxes][vc_column_text]<i class=\"ion-android-globe\"><\/i> <a href=\"http:\/\/www.agrotikianaptixi.gr\/el\" target=\"_blank\" rel=\"noopener\">Rural Development Program<\/a><\/p>\n<p><i class=\"ion-android-globe\"><\/i> <a href=\"https:\/\/ec.europa.eu\/info\/food-farming-fisheries_el\" target=\"_blank\" rel=\"noopener\">Directorate of Agriculture and Rural Development of the European Commission<\/a><\/p>\n<p><i class=\"ion-android-globe\"><\/i> <a href=\"https:\/\/ead.gr\/\" target=\"_blank\" rel=\"noopener\">National Rural Network<\/a>[\/vc_column_text][\/vc_column_inner][vc_column_inner width=&#8221;1\/2&#8243;][insight_icon_boxes display_icon=&#8221;&#8221; icon_lib=&#8221;fontawesome&#8221; icon_fontawesome=&#8221;&#8221; element_tag=&#8221;&#8221; title=&#8221;Ileti\u015fim telefonlar\u0131&#8221; css=&#8221;.vc_custom_1620218837842{padding-bottom: 30px !important;}&#8221;]\u0130dari Ofis<br \/>\nTel: 22530-61270\/ Faks: 22530-61239<br \/>\nPeynir \u0130malathanesi Tel: 22530-61096<br \/>\nZeytin De\u011firmeni Tel: 22530-61010<br \/>\n[\/insight_icon_boxes][\/vc_column_inner][\/vc_row_inner][\/vc_column][\/vc_row][vc_row full_width=&#8221;stretch_row_content_no_spaces&#8221; disable_element=&#8221;yes&#8221; css=&#8221;.vc_custom_1615308659862{margin-bottom: 100px !important;}&#8221;][vc_column css=&#8221;.vc_custom_1476955411902{margin-top: 0px !important;padding-top: 0px !important;}&#8221;][insight_title uppercase=&#8221;yes&#8221; background_icon=&#8221;yes&#8221; align=&#8221;text-left&#8221; sub_title_style=&#8221;style-02&#8243; separator_enable=&#8221;yes&#8221; title=&#8221;\u03a3\u03a4\u039f\u0399\u03a7\u0395\u0399\u0391&#8221;][insight_gmaps][\/insight_gmaps][vc_custom_heading text=&#8221;We are Online Market of fresh fruits &amp; vegetables. You can also find organic &amp; healthy juice, processed food as well as gentle skin care at our store.&#8221; font_container=&#8221;tag:div|font_size:18px|text_align:left|color:%238eb35a|line_height:1.6em&#8221; use_theme_fonts=&#8221;&#8221; google_fonts=&#8221;font_family:Playfair%20Display%3Aregular%2Citalic%2C700%2C700italic%2C900%2C900italic|font_style:400%20italic%3A400%3Aitalic&#8221; font_weight=&#8221;&#8221; letter_spacing=&#8221;.05em&#8221; css=&#8221;.vc_custom_1479178272422{margin-top: 10px !important;margin-bottom: 60px !important;}&#8221;][\/vc_column][\/vc_row][vc_row full_width=&#8221;stretch_row_content_no_spaces&#8221; css=&#8221;.vc_custom_1476947927984{margin-bottom: 100px !important;}&#8221;][vc_column css=&#8221;.vc_custom_1476955411902{margin-top: 0px !important;padding-top: 0px !important;}&#8221;][vc_column_text]<iframe loading=\"lazy\" style=\"border: 0;\" src=\"https:\/\/www.google.com\/maps\/embed?pb=!1m14!1m8!1m3!1d12347.15833004447!2d26.3376976!3d39.3156929!3m2!1i1024!2i768!4f13.1!3m3!1m2!1s0x0%3A0x58594c9cca6be61a!2zzqTPhc-Bzr_Ous6_zrzOtc6vzr8gzpHOs8-Bzr_PhM65zrrOv8-NIM6jz4XOvc61z4TOsc65z4HOuc-DzrzOv8-NIM6czrHOvc-EzrHOvM6szrTOv8-F!5e0!3m2!1sel!2sgr!4v1615308586529!5m2!1sel!2sgr\" width=\"100%\" height=\"450\" allowfullscreen=\"allowfullscreen\"><\/iframe>[\/vc_column_text][\/vc_column][\/vc_row][vc_row el_class=&#8221;text-center&#8221;][vc_column offset=&#8221;vc_col-lg-offset-2 vc_col-lg-8 vc_col-md-offset-0 vc_col-md-12&#8243; css=&#8221;.vc_custom_1618399220195{padding-bottom: 50px !important;}&#8221;][insight_title uppercase=&#8221;yes&#8221; sub_title_enable=&#8221;yes&#8221; background_icon=&#8221;yes&#8221; separator_enable=&#8221;yes&#8221; title=&#8221;Mesaj&#8221; sub_title=&#8221;-\u0130leti\u015fim Formu-&#8221; css=&#8221;.vc_custom_1620218882062{margin-bottom: 70px !important;}&#8221;][vc_empty_space height=&#8221;40px&#8221;]\n<div class=\"wpcf7 no-js\" id=\"wpcf7-f1650-o3\" lang=\"en-US\" dir=\"ltr\" data-wpcf7-id=\"1650\">\n<div class=\"screen-reader-response\"><p role=\"status\" aria-live=\"polite\" aria-atomic=\"true\"><\/p> <ul><\/ul><\/div>\n<form action=\"\/tr\/wp-json\/wp\/v2\/pages\/163#wpcf7-f1650-o3\" method=\"post\" class=\"wpcf7-form init demo\" aria-label=\"Contact form\" novalidate=\"novalidate\" data-status=\"init\">\n<fieldset class=\"hidden-fields-container\"><input type=\"hidden\" name=\"_wpcf7\" value=\"1650\" \/><input type=\"hidden\" name=\"_wpcf7_version\" value=\"6.1\" \/><input type=\"hidden\" name=\"_wpcf7_locale\" value=\"en_US\" \/><input type=\"hidden\" name=\"_wpcf7_unit_tag\" value=\"wpcf7-f1650-o3\" \/><input type=\"hidden\" name=\"_wpcf7_container_post\" value=\"0\" \/><input type=\"hidden\" name=\"_wpcf7_posted_data_hash\" value=\"\" \/>\n<\/fieldset>\n<div class=\"row\">\n\t<div class=\"col-md-4 padding-right-half\">\n\t\t<p><span class=\"wpcf7-form-control-wrap\" data-name=\"your-name\"><input size=\"40\" maxlength=\"400\" class=\"wpcf7-form-control wpcf7-text wpcf7-validates-as-required\" aria-required=\"true\" aria-invalid=\"false\" placeholder=\"\u0130sim\" value=\"\" type=\"text\" name=\"your-name\" \/><\/span>\n\t\t<\/p>\n\t<\/div>\n\t<div class=\"col-md-4\">\n\t\t<p><span class=\"wpcf7-form-control-wrap\" data-name=\"your-subject\"><input size=\"40\" maxlength=\"400\" class=\"wpcf7-form-control wpcf7-text\" aria-invalid=\"false\" placeholder=\"Konu\" value=\"\" type=\"text\" name=\"your-subject\" \/><\/span>\n\t\t<\/p>\n\t<\/div>\n\t<div class=\"col-md-4 padding-left-half\">\n\t\t<p><span class=\"wpcf7-form-control-wrap\" data-name=\"your-email\"><input size=\"40\" maxlength=\"400\" class=\"wpcf7-form-control wpcf7-email wpcf7-validates-as-required wpcf7-text wpcf7-validates-as-email\" aria-required=\"true\" aria-invalid=\"false\" placeholder=\"Email\" value=\"\" type=\"email\" name=\"your-email\" \/><\/span>\n\t\t<\/p>\n\t<\/div>\n<\/div>\n<div class=\"row\">\n\t<div class=\"col-md-12\">\n\t\t<p><span class=\"wpcf7-form-control-wrap\" data-name=\"your-message\"><textarea cols=\"40\" rows=\"10\" maxlength=\"2000\" class=\"wpcf7-form-control wpcf7-textarea wpcf7-validates-as-required\" aria-required=\"true\" aria-invalid=\"false\" placeholder=\"mesaj\" name=\"your-message\"><\/textarea><\/span>\n\t\t<\/p>\n\t<\/div>\n<\/div>\n<div class=\"row submit-container\">\n\t<div class=\"col-md-12\">\n\t\t<p><input class=\"wpcf7-form-control wpcf7-submit has-spinner btn btn-border-black\" type=\"submit\" value=\"G\u00d6NDER\" \/>\n\t\t<\/p>\n\t<\/div>\n<\/div><div class=\"wpcf7-response-output\" aria-hidden=\"true\"><\/div>\n<\/form>\n<\/div>\n[\/vc_column][\/vc_row]<\/p>\n<p><\/p>\n<\/div>","protected":false},"excerpt":{"rendered":"<p>[vc_row full_width=&#8221;stretch_row_content_no_spaces&#8221;][vc_column][\/vc_column][\/vc_row][vc_row full_width=&#8221;stretch_row&#8221; css=&#8221;.vc_custom_1617733063637{padding-top: 100px !important;padding-bottom: 100px !important;background-image: url(http:\/\/vietcao.local\/organie-pri\/wp-content\/uploads\/2016\/10\/contact2-bg.jpg?id=180) !important;background-position: center !important;background-repeat: no-repeat !important;background-size: cover !important;}&#8221;][vc_column width=&#8221;1\/2&#8243;][vc_single_image image=&#8221;1507&#8243; img_size=&#8221;full&#8221; show_border=&#8221;yes&#8221;][\/vc_column][vc_column width=&#8221;1\/2&#8243;][vc_empty_space][vc_row_inner][vc_column_inner width=&#8221;1\/2&#8243;][insight_icon_boxes display_icon=&#8221;&#8221; icon_lib=&#8221;fontawesome&#8221; icon_fontawesome=&#8221;&#8221; element_tag=&#8221;&#8221; title=&#8221;Adres&#8221; css=&#8221;.vc_custom_1620218598334{padding-bottom: 30px !important;}&#8221;]Mantamados K\u00fc\u00e7\u00fckba\u015f Hayvan S\u00fct\u00fc \u00dcreticileri Derne\u011fi Tar\u0131m Kooperatifi, 811 04 [\/insight_icon_boxes][insight_icon_boxes display_icon=&#8221;&#8221; icon_lib=&#8221;fontawesome&#8221; icon_fontawesome=&#8221;&#8221; element_tag=&#8221;&#8221; title=&#8221;Email&#8221; css=&#8221;.vc_custom_1615308842983{padding-bottom: 30px !important;}&#8221;]asmadama@otenet.gr[\/insight_icon_boxes][insight_icon_boxes display_icon=&#8221;&#8221; icon_lib=&#8221;fontawesome&#8221; icon_fontawesome=&#8221;&#8221; element_tag=&#8221;&#8221; title=&#8221;\u0130lgili Ba\u011flant\u0131lar&#8221;][\/insight_icon_boxes][vc_column_text] Rural&#8230;<\/p>\n","protected":false},"author":1,"featured_media":0,"parent":0,"menu_order":0,"comment_status":"closed","ping_status":"closed","template":"","meta":{"footnotes":""},"class_list":["post-163","page","type-page","status-publish","hentry"],"_links":{"self":[{"href":"https:\/\/opmandamados.gr\/tr\/wp-json\/wp\/v2\/pages\/163","targetHints":{"allow":["GET"]}}],"collection":[{"href":"https:\/\/opmandamados.gr\/tr\/wp-json\/wp\/v2\/pages"}],"about":[{"href":"https:\/\/opmandamados.gr\/tr\/wp-json\/wp\/v2\/types\/page"}],"author":[{"embeddable":true,"href":"https:\/\/opmandamados.gr\/tr\/wp-json\/wp\/v2\/users\/1"}],"replies":[{"embeddable":true,"href":"https:\/\/opmandamados.gr\/tr\/wp-json\/wp\/v2\/comments?post=163"}],"version-history":[{"count":27,"href":"https:\/\/opmandamados.gr\/tr\/wp-json\/wp\/v2\/pages\/163\/revisions"}],"predecessor-version":[{"id":1651,"href":"https:\/\/opmandamados.gr\/tr\/wp-json\/wp\/v2\/pages\/163\/revisions\/1651"}],"wp:attachment":[{"href":"https:\/\/opmandamados.gr\/tr\/wp-json\/wp\/v2\/media?parent=163"}],"curies":[{"name":"wp","href":"https:\/\/api.w.org\/{rel}","templated":true}]}}