{"id":630,"date":"2016-11-11T08:05:24","date_gmt":"2016-11-11T08:05:24","guid":{"rendered":"https:\/\/opmandamados.gr\/index.php\/organie-farm\/"},"modified":"2021-06-04T09:59:04","modified_gmt":"2021-06-04T06:59:04","slug":"organie-farm","status":"publish","type":"page","link":"https:\/\/opmandamados.gr\/tr\/","title":{"rendered":"ANASAYFA"},"content":{"rendered":"<div class=\"wpb-content-wrapper\"><p>[vc_row full_width=&#8221;stretch_row_content_no_spaces&#8221; css=&#8221;.vc_custom_1478508430122{margin-top: 0px !important;margin-bottom: 0px !important;padding-top: 0px !important;padding-bottom: 0px !important;}&#8221;][vc_column][rev_slider_vc alias=&#8221;home-farm-tr&#8221;][\/vc_column][\/vc_row][vc_row css=&#8221;.vc_custom_1615481777484{padding-top: 50px !important;padding-bottom: 50px !important;background-position: center !important;background-repeat: no-repeat !important;background-size: cover !important;}&#8221;][vc_column][vc_row_inner css=&#8221;.vc_custom_1617289382657{padding-top: 70px !important;padding-bottom: 130px !important;background-image: url(https:\/\/opmandamados.gr\/wp-content\/uploads\/2021\/04\/ISTORIKO_FIN1.jpg?id=1435) !important;background-position: 0 0 !important;background-repeat: no-repeat !important;}&#8221;][vc_column_inner css=&#8221;.vc_custom_1615481117287{margin-top: 0px !important;margin-bottom: 0px !important;padding-top: 0px !important;padding-bottom: 0px !important;background-position: 0 0 !important;background-repeat: no-repeat !important;}&#8221;][insight_our_story title=&#8221;B\u0130Z K\u0130M\u0130Z&#8221; sub_title=&#8221;-Kooperatif Hakk\u0131nda-&#8220;]B\u00f6lgedeki hayvan yeti\u015ftiricilerinin kolektif \u00f6rg\u00fct\u00fcn\u00fcn tarihi, kendi peynir \u00fcr\u00fcnlerini \u00fcretmek i\u00e7in g\u00fc\u00e7lerini birle\u015ftirmeye ve kendi s\u00fctlerinden peynir \u00fcretmeye karar verdikleri 1959 y\u0131l\u0131nda ba\u015fl\u0131yor. B\u00f6ylece, \u00f6nce k\u00f6y\u00fcn i\u00e7erisindeki k\u00fc\u00e7\u00fck bir Peynir \u0130malathanesinde ve daha sonra da Pamgemiston Taksiarhon Manast\u0131r\u0131\u2019n\u0131n kar\u015f\u0131s\u0131ndaki mevcut binada \u201cMantamados S\u00fct \u00dcr\u00fcnleri Kooperatifi\u201d kuruldu.<\/p>\n<p>2018 y\u0131l\u0131nda, k\u00fc\u00e7\u00fckba\u015f hayvan sekt\u00f6r\u00fcnde 28 profesyonel hayvan yeti\u015ftiricisi taraf\u0131ndan bir \u00dcretici \u00d6rg\u00fct\u00fcn kurulmas\u0131 ve tan\u0131nmas\u0131yla bir sonraki ad\u0131m at\u0131ld\u0131. \u00dcretici \u00f6rg\u00fct\u00fc her y\u0131l, \u00f6zellikle zengin Midilli adas\u0131 floras\u0131yla beslenen Midilli\u2019nin yerel koyun cinsi taraf\u0131ndan \u00fcretilen 550 tondan fazla k\u00fc\u00e7\u00fckba\u015f hayvan s\u00fct\u00fc topluyor.<\/p>\n<p>\u00dcretici \u00d6rg\u00fct, kendine ait peynir imalathanesinde Midilli Adas\u0131n\u0131n me\u015fhur peynir \u00fcr\u00fcnlerinin \u00fcretimine dayal\u0131 olarak faaliyetlerinin modernizasyonu ve yenili\u011fin te\u015fvik edilmesi i\u00e7in yat\u0131r\u0131m yapmaya devam ediyor.[\/insight_our_story][\/vc_column_inner][\/vc_row_inner][\/vc_column][\/vc_row][vc_row][vc_column][insight_title uppercase=&#8221;yes&#8221; sub_title_enable=&#8221;yes&#8221; background_icon=&#8221;yes&#8221; separator_line=&#8221;yes&#8221; title=&#8221;\u00dcR\u00dcNLER\u0130M\u0130Z&#8221; sub_title=&#8221;-Se\u00e7ilmi\u015f \u00fcr\u00fcnler-&#8220;][\/vc_column][\/vc_row][vc_row full_width=&#8221;stretch_row_content_no_spaces&#8221; css=&#8221;.vc_custom_1478945748709{padding-top: 70px !important;padding-bottom: 100px !important;}&#8221;][vc_column][insight_product_carousel categories=&#8221;%cf%83%ce%ba%ce%bb%ce%b7%cf%81%ce%bf-%cf%84%cf%85%cf%81%ce%b9,%ce%bc%ce%b1%ce%bb%ce%b1%ce%ba%ce%bf-%cf%84%cf%85%cf%81%ce%b9,%ce%b2%ce%bf%cf%85%cf%84%cf%85%cf%81%ce%bf&#8221; product_type=&#8221;categories&#8221; order_by=&#8221;&#8221; order=&#8221;&#8221; slide_to_show=&#8221;4&#8243;][\/vc_column][\/vc_row][vc_row full_width=&#8221;stretch_row&#8221; css=&#8221;.vc_custom_1478069697013{margin-top: 0px !important;margin-bottom: 0px !important;padding-top: 90px !important;padding-bottom: 0px !important;background-color: #f8f7f7 !important;}&#8221;][vc_column css=&#8221;.vc_custom_1478069690708{padding-top: 0px !important;}&#8221;][insight_title uppercase=&#8221;yes&#8221; sub_title_enable=&#8221;yes&#8221; background_icon=&#8221;yes&#8221; title=&#8221;\u00dcRET\u0130C\u0130LER&#8221; sub_title=&#8221;- \u00dcRET\u0130C\u0130 \u00d6RG\u00dcT\u00dc -&#8220;][vc_row_inner css=&#8221;.vc_custom_1478070174936{margin-top: 40px !important;margin-bottom: 40px !important;}&#8221;][vc_column_inner width=&#8221;1\/3&#8243; css=&#8221;.vc_custom_1478070090918{margin-bottom: 30px !important;padding-top: 0px !important;}&#8221;][insight_icon_boxes style=&#8221;icon_on_top&#8221; icon_type=&#8221;custom&#8221; element_tag=&#8221;div&#8221; title=&#8221;ORGAN\u0130ZASYON&#8221; link=&#8221;url:https%3A%2F%2Fopmandamados.gr%2F%25ce%25bf%25cf%2581%25ce%25b3%25ce%25ac%25ce%25bd%25cf%2589%25cf%2583%25ce%25b7-%25cf%2580%25ce%25b1%25cf%2581%25ce%25b1%25ce%25b3%25cf%2589%25ce%25b3%25cf%258e%25ce%25bd%2F%23organosi|title:Devam%C4%B1n%C4%B1%20oku&#8221; custom_icon=&#8221;1556&#8243;]Midilli adas\u0131 Mantamados Tar\u0131m Kooperatifi k\u00fc\u00e7\u00fckba\u015f hayvan s\u00fct\u00fc \u00dcreticileri \u00d6rg\u00fct\u00fc, \u00e7o\u011funlu\u011funun as\u0131l i\u015fi \u00e7ift\u00e7ilik olan kooperatifin t\u00fcm \u00fcyeleri 28 hayvan yeti\u015ftiricisinden olu\u015fmaktad\u0131r[\/insight_icon_boxes][\/vc_column_inner][vc_column_inner width=&#8221;1\/3&#8243; css=&#8221;.vc_custom_1478070099793{margin-bottom: 30px !important;padding-top: 0px !important;}&#8221;][insight_icon_boxes style=&#8221;icon_on_top&#8221; icon_type=&#8221;custom&#8221; element_tag=&#8221;div&#8221; title=&#8221;\u0130\u015eLETME PROGRAMI&#8221; link=&#8221;url:https%3A%2F%2Fopmandamados.gr%2F%25ce%25bf%25cf%2581%25ce%25b3%25ce%25ac%25ce%25bd%25cf%2589%25cf%2583%25ce%25b7-%25cf%2580%25ce%25b1%25cf%2581%25ce%25b1%25ce%25b3%25cf%2589%25ce%25b3%25cf%258e%25ce%25bd%2F%23programm|title:Devam%C4%B1n%C4%B1%20oku&#8221; custom_icon=&#8221;1559&#8243;]\u00dcretici \u00f6rg\u00fct\u00fc, k\u00fc\u00e7\u00fckba\u015f hayvan s\u00fct\u00fcn\u00fcn \u00fcretimi, i\u015fletilmesi ve y\u00f6netimine y\u00f6nelik \u00f6rg\u00fct\u00fcn s\u00fcrd\u00fcr\u00fclebilirli\u011fini sa\u011flamak i\u00e7in ba\u015far\u0131 yollar\u0131n\u0131 a\u00e7\u0131klayan ve belirli hedefler ortaya koyan [\/insight_icon_boxes][\/vc_column_inner][vc_column_inner width=&#8221;1\/3&#8243; css=&#8221;.vc_custom_1478070110225{margin-bottom: 30px !important;padding-top: 0px !important;}&#8221;][insight_icon_boxes style=&#8221;icon_on_top&#8221; icon_type=&#8221;custom&#8221; element_tag=&#8221;div&#8221; title=&#8221;PEYN\u0130R \u0130MALATHANES\u0130&#8221; link=&#8221;url:https%3A%2F%2Fopmandamados.gr%2F%25ce%25bf%25cf%2581%25ce%25b3%25ce%25ac%25ce%25bd%25cf%2589%25cf%2583%25ce%25b7-%25cf%2580%25ce%25b1%25cf%2581%25ce%25b1%25ce%25b3%25cf%2589%25ce%25b3%25cf%258e%25ce%25bd%2F%23cheese-factory|title:Devam%C4%B1n%C4%B1%20oku&#8221; custom_icon=&#8221;1558&#8243;]Peynir imalathanesi, \u00fcretici \u00f6rg\u00fct\u00fcn\u00fcn i\u015f birli\u011fi i\u00e7erisinde oldu\u011fu \u00fcyeler taraf\u0131ndan g\u00fcnl\u00fck olarak teslim edilen s\u00fct\u00fcn bir dizi peynir \u00fcr\u00fcn\u00fcne d\u00f6n\u00fc\u015ft\u00fcr\u00fcld\u00fc\u011f\u00fc \u00fcretim birimidir[\/insight_icon_boxes][\/vc_column_inner][\/vc_row_inner][vc_single_image image=&#8221;1391&#8243; img_size=&#8221;full&#8221; alignment=&#8221;center&#8221; css=&#8221;.vc_custom_1615538250801{padding-bottom: 0px !important;}&#8221;][\/vc_column][\/vc_row][vc_row full_width=&#8221;stretch_row&#8221; disable_element=&#8221;yes&#8221; css=&#8221;.vc_custom_1615446685481{margin-top: 0px !important;margin-bottom: 0px !important;padding-top: 90px !important;padding-bottom: 0px !important;background-color: #f8f7f7 !important;}&#8221;][vc_column css=&#8221;.vc_custom_1478069690708{padding-top: 0px !important;}&#8221;][insight_title uppercase=&#8221;yes&#8221; sub_title_enable=&#8221;yes&#8221; background_icon=&#8221;yes&#8221; title=&#8221;\u03a0\u0391\u03a1\u0391\u0393\u03a9\u0393\u0397&#8221; sub_title=&#8221;- The best services for you -&#8220;][vc_row_inner css=&#8221;.vc_custom_1478070174936{margin-top: 40px !important;margin-bottom: 40px !important;}&#8221;][vc_column_inner width=&#8221;1\/4&#8243; css=&#8221;.vc_custom_1478070090918{margin-bottom: 30px !important;padding-top: 0px !important;}&#8221;][insight_icon_boxes style=&#8221;icon_on_top&#8221; icon_lib=&#8221;organie&#8221; icon_organie=&#8221;organie-carrot&#8221; element_tag=&#8221;div&#8221; title=&#8221;Organic Products&#8221; link=&#8221;url:%23|title:Read%20more||&#8221;]We offer the season&#8217;s best mix of 100% certified-organic produce and hand-crafted farm products[\/insight_icon_boxes][\/vc_column_inner][vc_column_inner width=&#8221;1\/4&#8243; css=&#8221;.vc_custom_1478070099793{margin-bottom: 30px !important;padding-top: 0px !important;}&#8221;][insight_icon_boxes style=&#8221;icon_on_top&#8221; icon_lib=&#8221;organie&#8221; icon_organie=&#8221;organie-tractor&#8221; element_tag=&#8221;div&#8221; title=&#8221;RFS Machines&#8221; link=&#8221;url:%23|title:Read%20more||&#8221;]Tractors, combines, forage harvesters, balers, mower conditioners, sprayers, trailers,&#8230; All is for hired[\/insight_icon_boxes][\/vc_column_inner][vc_column_inner width=&#8221;1\/4&#8243; css=&#8221;.vc_custom_1478070110225{margin-bottom: 30px !important;padding-top: 0px !important;}&#8221;][insight_icon_boxes style=&#8221;icon_on_top&#8221; icon_lib=&#8221;organie&#8221; icon_organie=&#8221;organie-lettuce&#8221; element_tag=&#8221;div&#8221; title=&#8221;Food Strategy&#8221; link=&#8221;url:%23|title:Read%20more||&#8221;]Create a broader network of organizations &amp; businesses contributing to our food system[\/insight_icon_boxes][\/vc_column_inner][vc_column_inner width=&#8221;1\/4&#8243; css=&#8221;.vc_custom_1478070119189{margin-bottom: 30px !important;padding-top: 0px !important;}&#8221;][insight_icon_boxes style=&#8221;icon_on_top&#8221; icon_lib=&#8221;organie&#8221; icon_organie=&#8221;organie-egg&#8221; element_tag=&#8221;div&#8221; title=&#8221;Water Management&#8221; link=&#8221;url:%23|title:Read%20more||&#8221;]Minimize water costs and efficiently distribute water, help farmers see improvements in yields[\/insight_icon_boxes][\/vc_column_inner][\/vc_row_inner][vc_single_image image=&#8221;1218&#8243; img_size=&#8221;full&#8221; alignment=&#8221;center&#8221; css=&#8221;.vc_custom_1615315710179{margin-bottom: 130px !important;padding-bottom: 0px !important;}&#8221;][\/vc_column][\/vc_row][vc_row full_width=&#8221;stretch_row&#8221;][vc_column css=&#8221;.vc_custom_1478943590436{padding-top: 0px !important;}&#8221;][vc_row_inner equal_height=&#8221;yes&#8221; css=&#8221;.vc_custom_1615538730863{padding-top: 100px !important;padding-right: 30px !important;padding-bottom: 130px !important;padding-left: 30px !important;}&#8221;][vc_column_inner width=&#8221;1\/2&#8243;][vc_single_image image=&#8221;1378&#8243; img_size=&#8221;full&#8221; alignment=&#8221;center&#8221; show_border=&#8221;yes&#8221;][\/vc_column_inner][vc_column_inner width=&#8221;1\/2&#8243;][insight_title sub_title_enable=&#8221;yes&#8221; align=&#8221;text-left&#8221; title=&#8221;\u00d6NER\u0130S\u0130&#8221; sub_title=&#8221;M\u0130D\u0130LL\u0130 YA\u011eLI PEYN\u0130R\u0130 M.K.\u00dc.&#8221;][vc_column_text]Geleneksel Yunan sert peyniri, Men\u015fei Korumal\u0131 \u00dcr\u00fcn, Midilli Adas\u0131nda koyun ve ke\u00e7i s\u00fct\u00fcn\u00fcn kar\u0131\u015ft\u0131r\u0131lmas\u0131yla \u00fcretilmektedir. \u00d6zel silindirik bir \u015fekle sahiptir ve a\u011f\u0131rl\u0131\u011f\u0131 yakla\u015f\u0131k bir kilodur. Bodrumda ve serin odalarda en az \u00fc\u00e7 ayl\u0131k bir s\u00fcrede olgunla\u015fmaktad\u0131r.<\/p>\n<p>Ayn\u0131 zamanda, \u201ckefalaki\u201d olarak da bilinir. Eskiden \u00fcreticiler bu peyniri zeytinya\u011f\u0131nda muhafaza ederlerdi, bu sebeple \u201cya\u011fl\u0131 peynir\u201d (ladotiri) olarak da adland\u0131r\u0131l\u0131r.[\/vc_column_text][vc_btn title=&#8221;\u00dcR\u00dcN\u00dc G\u00d6R&#8221; style=&#8221;outline-custom&#8221; outline_custom_color=&#8221;#8eb359&#8243; outline_custom_hover_background=&#8221;#8eb359&#8243; outline_custom_hover_text=&#8221;#ffffff&#8221; shape=&#8221;square&#8221; size=&#8221;lg&#8221; link=&#8221;url:https%3A%2F%2Fopmandamados.gr%2Fproduct%2F%25ce%25bb%25ce%25b1%25ce%25b4%25ce%25bf%25cf%2584%25cf%2585%25cf%2581%25ce%25b9-%25ce%25bc%25cf%2585%25cf%2584%25ce%25b9%25ce%25bb%25ce%25b7%25ce%25bd%25ce%25b7%25cf%2583-%25cf%2580-%25ce%25bf-%25cf%2580%2F|title:%CE%9B%CE%91%CE%94%CE%9F%CE%A4%CE%A5%CE%A1%CE%99%20%CE%9C%CE%A5%CE%A4%CE%99%CE%9B%CE%97%CE%9D%CE%97%CE%A3%20%CE%A0.%CE%9F.%CE%A0.&#8221;][\/vc_column_inner][\/vc_row_inner][vc_row_inner disable_element=&#8221;yes&#8221; css=&#8221;.vc_custom_1615537890507{margin-top: -130px !important;}&#8221;][vc_column_inner][insight_countdown_product title=&#8221;\u03a0\u03c1\u03cc\u03c4\u03b1\u03c3\u03b7&#8221; border_image=&#8221;yes&#8221; product_id=&#8221;1189&#8243; product_image=&#8221;1216&#8243; css=&#8221;.vc_custom_1615315536910{padding-top: 100px !important;padding-right: 30px !important;padding-bottom: 130px !important;padding-left: 30px !important;background-color: #ffffff !important;}&#8221;][\/vc_column_inner][\/vc_row_inner][\/vc_column][\/vc_row][vc_row full_width=&#8221;stretch_row&#8221; css=&#8221;.vc_custom_1481872623245{padding-top: 100px !important;padding-bottom: 100px !important;background-color: #f8f7f7 !important;}&#8221; el_class=&#8221;relative-visible&#8221;][vc_column el_class=&#8221;static-visible&#8221;][insight_testimonial display_bullets=&#8221;false&#8221; slides_to_display=&#8221;1&#8243; testimonials=&#8221;%5B%7B%22photo%22%3A%221239%22%2C%22content%22%3A%22High%20quality%20exceptional%20cheese%20and%20butter.%F0%9F%91%8D%22%2C%22rate%22%3A%225%22%2C%22name%22%3A%22Efthymia%20Stamati%22%2C%22tagline%22%3A%22Local%20guide%E2%80%89%E2%80%A2%E2%80%8973%20reviews%E2%80%89%E2%80%A2%E2%80%8949%20photos%22%7D%2C%7B%22photo%22%3A%221481%22%2C%22content%22%3A%22When%20quality%20meets%20special%20flavors%20then%20excellent%20products%20emerge%20&#8230;%20Trust%20them%20without%20a%20second%20thought!!%22%2C%22rate%22%3A%225%22%2C%22name%22%3A%22MELINA%20KRITSOTAKI%22%7D%2C%7B%22photo%22%3A%221482%22%2C%22content%22%3A%22Exceptional%20dairy%20products%2C%20made%20with%20care%20from%20fresh%20goat&#8217;s%20milk%20farmers%20whose%20flocks%20freely%20graze%20in%20the%20meadows%20of%20Lesvos.%22%2C%22rate%22%3A%225%22%2C%22name%22%3A%22Christos%20Karatzas%22%7D%5D&#8221;][\/vc_column][\/vc_row][vc_row css=&#8221;.vc_custom_1478253001333{padding-top: 100px !important;padding-bottom: 100px !important;}&#8221;][vc_column][insight_title uppercase=&#8221;yes&#8221; sub_title_enable=&#8221;yes&#8221; background_icon=&#8221;yes&#8221; separator_line=&#8221;&#8221; title=&#8221;HABERLER&#8221; sub_title=&#8221;-Yaln\u0131zca Yunanca olarak mevcuttur-&#8221; posts=&#8221;256&#8243;][insight_blog style=&#8221;grid&#8221; order_by=&#8221;date&#8221; order=&#8221;DESC&#8221; number=&#8221;3&#8243; css=&#8221;.vc_custom_1618398838360{margin-top: 90px !important;}&#8221; excerpt_length=&#8221;22&#8243;][\/vc_column][\/vc_row]<\/p>\n<\/div>","protected":false},"excerpt":{"rendered":"<p>[vc_row full_width=&#8221;stretch_row_content_no_spaces&#8221; css=&#8221;.vc_custom_1478508430122{margin-top: 0px !important;margin-bottom: 0px !important;padding-top: 0px !important;padding-bottom: 0px !important;}&#8221;][vc_column][rev_slider_vc alias=&#8221;home-farm-tr&#8221;][\/vc_column][\/vc_row][vc_row css=&#8221;.vc_custom_1615481777484{padding-top: 50px !important;padding-bottom: 50px !important;background-position: center !important;background-repeat: no-repeat !important;background-size: cover !important;}&#8221;][vc_column][vc_row_inner css=&#8221;.vc_custom_1617289382657{padding-top: 70px !important;padding-bottom: 130px !important;background-image: url(https:\/\/opmandamados.gr\/wp-content\/uploads\/2021\/04\/ISTORIKO_FIN1.jpg?id=1435) !important;background-position: 0 0 !important;background-repeat: no-repeat !important;}&#8221;][vc_column_inner css=&#8221;.vc_custom_1615481117287{margin-top: 0px !important;margin-bottom: 0px !important;padding-top: 0px !important;padding-bottom: 0px !important;background-position: 0 0 !important;background-repeat: no-repeat !important;}&#8221;][insight_our_story title=&#8221;B\u0130Z K\u0130M\u0130Z&#8221; sub_title=&#8221;-Kooperatif Hakk\u0131nda-&#8220;]B\u00f6lgedeki hayvan yeti\u015ftiricilerinin&#8230;<\/p>\n","protected":false},"author":1,"featured_media":0,"parent":0,"menu_order":0,"comment_status":"closed","ping_status":"closed","template":"","meta":{"footnotes":""},"class_list":["post-630","page","type-page","status-publish","hentry"],"_links":{"self":[{"href":"https:\/\/opmandamados.gr\/tr\/wp-json\/wp\/v2\/pages\/630","targetHints":{"allow":["GET"]}}],"collection":[{"href":"https:\/\/opmandamados.gr\/tr\/wp-json\/wp\/v2\/pages"}],"about":[{"href":"https:\/\/opmandamados.gr\/tr\/wp-json\/wp\/v2\/types\/page"}],"author":[{"embeddable":true,"href":"https:\/\/opmandamados.gr\/tr\/wp-json\/wp\/v2\/users\/1"}],"replies":[{"embeddable":true,"href":"https:\/\/opmandamados.gr\/tr\/wp-json\/wp\/v2\/comments?post=630"}],"version-history":[{"count":93,"href":"https:\/\/opmandamados.gr\/tr\/wp-json\/wp\/v2\/pages\/630\/revisions"}],"predecessor-version":[{"id":1689,"href":"https:\/\/opmandamados.gr\/tr\/wp-json\/wp\/v2\/pages\/630\/revisions\/1689"}],"wp:attachment":[{"href":"https:\/\/opmandamados.gr\/tr\/wp-json\/wp\/v2\/media?parent=630"}],"curies":[{"name":"wp","href":"https:\/\/api.w.org\/{rel}","templated":true}]}}