{"id":1189,"date":"2021-03-09T20:10:23","date_gmt":"2021-03-09T18:10:23","guid":{"rendered":"https:\/\/opmandamados.gr\/?post_type=product&#038;p=1189"},"modified":"2026-01-28T09:41:02","modified_gmt":"2026-01-28T07:41:02","slug":"%cf%86%ce%b5%cf%84%ce%b1-%cf%80-%ce%bf-%cf%80","status":"publish","type":"product","link":"https:\/\/opmandamados.gr\/tr\/product\/%cf%86%ce%b5%cf%84%ce%b1-%cf%80-%ce%bf-%cf%80\/","title":{"rendered":"FETA M.K.\u00dc."},"content":{"rendered":"<p>En \u00fcnl\u00fc geleneksel Yunan peyniri, Men\u015fei Korumal\u0131 \u00dcr\u00fcn, Homeros\u2019un zaman\u0131ndan beridir \u00fclkede \u00fcretilen bir \u00fcr\u00fcnd\u00fcr. Yumu\u015fak beyaz bir peynirdir ve en az iki ay salamurada bekletilerek ya\u015fland\u0131r\u0131l\u0131r. Yunanl\u0131lar\u0131n beslenmesinde \u00f6nemli bir yere sahip olup Yunanl\u0131lar\u0131n tarihi ve gelenekleri ile de ili\u015fkilendirilir. Yunanistan\u2019da ortalama Feta t\u00fcketimi, ki\u015fi ba\u015f\u0131 yakla\u015f\u0131k 12 kg olup d\u00fcnyada birinci s\u0131rada yer al\u0131r.<\/p>\n<p>Koyun s\u00fct\u00fc veya ke\u00e7i s\u00fct\u00fc ile kar\u0131\u015ft\u0131r\u0131lm\u0131\u015f koyun s\u00fct\u00fcnden \u00fcretilmektedir. Hafif tuzlu ve ek\u015fi bir tada sahip olup do\u011fal beyaz bir renge sahiptir. Ortalama bile\u015fimi %56 nem ile %43 ya\u011fl\u0131 i\u00e7eriklerdir. Sofral\u0131k ve k\u0131zartma peyniri olarak t\u00fcketilmekte birlikte peynirli b\u00f6reklerde ve Yunan salatas\u0131nda (Horiatiki) da kullan\u0131lmaktad\u0131r.<\/p>","protected":false},"excerpt":{"rendered":"<p>En \u00fcnl\u00fc geleneksel Yunan peyniri, Men\u015fei Korumal\u0131 \u00dcr\u00fcn, Homeros\u2019un zaman\u0131ndan beridir \u00fclkede \u00fcretilen bir \u00fcr\u00fcnd\u00fcr. Yumu\u015fak beyaz bir peynirdir ve en az iki ay salamurada bekletilerek ya\u015fland\u0131r\u0131l\u0131r. Yunanl\u0131lar\u0131n beslenmesinde \u00f6nemli bir yere sahip olup Yunanl\u0131lar\u0131n tarihi ve gelenekleri ile de ili\u015fkilendirilir.<strong>Ambalaj: 1Kg.<\/strong><br \/>\n<strong>Kilo ba\u015f\u0131na fiyat \u20ac 9,80<\/strong><\/p>\n","protected":false},"featured_media":1190,"template":"","meta":[],"product_brand":[],"product_cat":[55],"product_tag":[],"class_list":{"0":"post-1189","1":"product","2":"type-product","3":"status-publish","4":"has-post-thumbnail","6":"product_cat-55","8":"first","9":"instock","10":"shipping-taxable","11":"purchasable","12":"product-type-simple"},"_links":{"self":[{"href":"https:\/\/opmandamados.gr\/tr\/wp-json\/wp\/v2\/product\/1189","targetHints":{"allow":["GET"]}}],"collection":[{"href":"https:\/\/opmandamados.gr\/tr\/wp-json\/wp\/v2\/product"}],"about":[{"href":"https:\/\/opmandamados.gr\/tr\/wp-json\/wp\/v2\/types\/product"}],"wp:featuredmedia":[{"embeddable":true,"href":"https:\/\/opmandamados.gr\/tr\/wp-json\/wp\/v2\/media\/1190"}],"wp:attachment":[{"href":"https:\/\/opmandamados.gr\/tr\/wp-json\/wp\/v2\/media?parent=1189"}],"wp:term":[{"taxonomy":"product_brand","embeddable":true,"href":"https:\/\/opmandamados.gr\/tr\/wp-json\/wp\/v2\/product_brand?post=1189"},{"taxonomy":"product_cat","embeddable":true,"href":"https:\/\/opmandamados.gr\/tr\/wp-json\/wp\/v2\/product_cat?post=1189"},{"taxonomy":"product_tag","embeddable":true,"href":"https:\/\/opmandamados.gr\/tr\/wp-json\/wp\/v2\/product_tag?post=1189"}],"curies":[{"name":"wp","href":"https:\/\/api.w.org\/{rel}","templated":true}]}}