{"id":1202,"date":"2021-03-09T20:20:08","date_gmt":"2021-03-09T18:20:08","guid":{"rendered":"https:\/\/opmandamados.gr\/?post_type=product&#038;p=1202"},"modified":"2026-01-27T10:44:04","modified_gmt":"2026-01-27T08:44:04","slug":"%ce%b3%cf%81%ce%b1%ce%b2%ce%b9%ce%b5%cf%81%ce%b1","status":"publish","type":"product","link":"https:\/\/opmandamados.gr\/tr\/product\/%ce%b3%cf%81%ce%b1%ce%b2%ce%b9%ce%b5%cf%81%ce%b1\/","title":{"rendered":"GRAVYER"},"content":{"rendered":"<p>Koyun s\u00fct\u00fcnden veya koyun s\u00fct\u00fcnden az miktarda ke\u00e7i\/o\u011flak s\u00fct\u00fc ile haz\u0131rlanan geleneksek bir Yunan sert peyniridir. En az 3 ayl\u0131k bir s\u00fcrede ya\u015flan\u0131r ve biraz tatl\u0131 ve organoleptik \u00f6zellikleri olan bir peynirdir. Ortalama bile\u015fenleri ise maksimum nem oran\u0131 %38 ve kurumadde ya\u011f\u0131 %40\u2019t\u0131r.<\/p>","protected":false},"excerpt":{"rendered":"<p>Koyun s\u00fct\u00fcnden veya koyun s\u00fct\u00fcnden az miktarda ke\u00e7i\/o\u011flak s\u00fct\u00fc ile haz\u0131rlanan geleneksek bir Yunan sert peyniridir.<br \/>\n<strong>Kilo ba\u015f\u0131na fiyat \u20ac 17,00<\/strong><\/p>\n","protected":false},"featured_media":1203,"template":"","meta":[],"product_brand":[],"product_cat":[54],"product_tag":[],"class_list":{"0":"post-1202","1":"product","2":"type-product","3":"status-publish","4":"has-post-thumbnail","6":"product_cat-54","8":"first","9":"instock","10":"shipping-taxable","11":"purchasable","12":"product-type-variable"},"_links":{"self":[{"href":"https:\/\/opmandamados.gr\/tr\/wp-json\/wp\/v2\/product\/1202","targetHints":{"allow":["GET"]}}],"collection":[{"href":"https:\/\/opmandamados.gr\/tr\/wp-json\/wp\/v2\/product"}],"about":[{"href":"https:\/\/opmandamados.gr\/tr\/wp-json\/wp\/v2\/types\/product"}],"wp:featuredmedia":[{"embeddable":true,"href":"https:\/\/opmandamados.gr\/tr\/wp-json\/wp\/v2\/media\/1203"}],"wp:attachment":[{"href":"https:\/\/opmandamados.gr\/tr\/wp-json\/wp\/v2\/media?parent=1202"}],"wp:term":[{"taxonomy":"product_brand","embeddable":true,"href":"https:\/\/opmandamados.gr\/tr\/wp-json\/wp\/v2\/product_brand?post=1202"},{"taxonomy":"product_cat","embeddable":true,"href":"https:\/\/opmandamados.gr\/tr\/wp-json\/wp\/v2\/product_cat?post=1202"},{"taxonomy":"product_tag","embeddable":true,"href":"https:\/\/opmandamados.gr\/tr\/wp-json\/wp\/v2\/product_tag?post=1202"}],"curies":[{"name":"wp","href":"https:\/\/api.w.org\/{rel}","templated":true}]}}