{"id":1208,"date":"2021-03-09T19:34:44","date_gmt":"2021-03-09T17:34:44","guid":{"rendered":"https:\/\/opmandamados.gr\/?post_type=product&#038;p=1208"},"modified":"2026-01-27T10:49:32","modified_gmt":"2026-01-27T08:49:32","slug":"%ce%b2%ce%bf%cf%85%cf%84%cf%85%cf%81%ce%bf-%ce%bd%cf%89%cf%80%ce%bf","status":"publish","type":"product","link":"https:\/\/opmandamados.gr\/tr\/product\/%ce%b2%ce%bf%cf%85%cf%84%cf%85%cf%81%ce%bf-%ce%bd%cf%89%cf%80%ce%bf\/","title":{"rendered":"TAZE TEREYA\u011eI"},"content":{"rendered":"<p>Eskilerin de adland\u0131rd\u0131\u011f\u0131 gibi s\u00fct\u00fcn tepesindeki \u201ckaymaktan\u201d imal edilen geleneksel bir \u00fcr\u00fcnd\u00fcr. \u201cTuzsuz Tereya\u011f\u0131\u201d olarak da bilinen %18 maksimum nem orana sahip y\u00fcksek besin de\u011feri olan hafif bir tada ve do\u011fal beyaz bir rengi olan bir \u00fcr\u00fcnd\u00fcr. Genel olarak ekmek ve bal ile t\u00fcketilmektedir ancak yemek pi\u015firirken ve pastac\u0131l\u0131kta da kullan\u0131lmaktad\u0131r.<\/p>","protected":false},"excerpt":{"rendered":"<p>Eskilerin de adland\u0131rd\u0131\u011f\u0131 gibi s\u00fct\u00fcn tepesindeki \u201ckaymaktan\u201d imal edilen geleneksel bir \u00fcr\u00fcnd\u00fcr.<\/p>\n<p><strong>Ambalaj: 500gr plastik kap<\/strong><br \/>\n<strong>Kilo ba\u015f\u0131na fiyat \u20ac 14,00<\/strong><\/p>\n","protected":false},"featured_media":1209,"template":"","meta":[],"product_brand":[],"product_cat":[56],"product_tag":[],"class_list":{"0":"post-1208","1":"product","2":"type-product","3":"status-publish","4":"has-post-thumbnail","6":"product_cat-56","8":"first","9":"instock","10":"shipping-taxable","11":"purchasable","12":"product-type-simple"},"_links":{"self":[{"href":"https:\/\/opmandamados.gr\/tr\/wp-json\/wp\/v2\/product\/1208","targetHints":{"allow":["GET"]}}],"collection":[{"href":"https:\/\/opmandamados.gr\/tr\/wp-json\/wp\/v2\/product"}],"about":[{"href":"https:\/\/opmandamados.gr\/tr\/wp-json\/wp\/v2\/types\/product"}],"wp:featuredmedia":[{"embeddable":true,"href":"https:\/\/opmandamados.gr\/tr\/wp-json\/wp\/v2\/media\/1209"}],"wp:attachment":[{"href":"https:\/\/opmandamados.gr\/tr\/wp-json\/wp\/v2\/media?parent=1208"}],"wp:term":[{"taxonomy":"product_brand","embeddable":true,"href":"https:\/\/opmandamados.gr\/tr\/wp-json\/wp\/v2\/product_brand?post=1208"},{"taxonomy":"product_cat","embeddable":true,"href":"https:\/\/opmandamados.gr\/tr\/wp-json\/wp\/v2\/product_cat?post=1208"},{"taxonomy":"product_tag","embeddable":true,"href":"https:\/\/opmandamados.gr\/tr\/wp-json\/wp\/v2\/product_tag?post=1208"}],"curies":[{"name":"wp","href":"https:\/\/api.w.org\/{rel}","templated":true}]}}