{"id":1210,"date":"2021-03-09T19:38:03","date_gmt":"2021-03-09T17:38:03","guid":{"rendered":"https:\/\/opmandamados.gr\/?post_type=product&#038;p=1210"},"modified":"2026-01-27T10:50:45","modified_gmt":"2026-01-27T08:50:45","slug":"%ce%b2%ce%bf%cf%85%cf%84%cf%85%cf%81%ce%bf-%ce%b1%ce%b3%ce%bd%ce%bf","status":"publish","type":"product","link":"https:\/\/opmandamados.gr\/tr\/product\/%ce%b2%ce%bf%cf%85%cf%84%cf%85%cf%81%ce%bf-%ce%b1%ce%b3%ce%bd%ce%bf\/","title":{"rendered":"SAF TEREYA\u011eI"},"content":{"rendered":"<p>Saf veya di\u011fer ad\u0131yla Eritilmi\u015f Tereya\u011f\u0131, Taze Tereya\u011f\u0131n\u0131n kaynat\u0131lmas\u0131yla haz\u0131rlan\u0131r. Esas olarak yemek pi\u015firirken kullan\u0131lmaktad\u0131r ancak pastac\u0131l\u0131k alan\u0131nda da kullan\u0131lmakta olup yemeklere ve tatl\u0131lara e\u015fsiz bir tat ve lezzet vermektedir. <\/p>","protected":false},"excerpt":{"rendered":"<p>Saf veya di\u011fer ad\u0131yla Eritilmi\u015f Tereya\u011f\u0131, Taze Tereya\u011f\u0131n\u0131n kaynat\u0131lmas\u0131yla haz\u0131rlan\u0131r.<br \/>\n<strong>Ambalaj: 300gr kavanozu. ve 600gr.<\/strong><\/p>\n","protected":false},"featured_media":1211,"template":"","meta":[],"product_brand":[],"product_cat":[56],"product_tag":[],"class_list":{"0":"post-1210","1":"product","2":"type-product","3":"status-publish","4":"has-post-thumbnail","6":"product_cat-56","8":"first","9":"instock","10":"shipping-taxable","11":"purchasable","12":"product-type-variable"},"_links":{"self":[{"href":"https:\/\/opmandamados.gr\/tr\/wp-json\/wp\/v2\/product\/1210","targetHints":{"allow":["GET"]}}],"collection":[{"href":"https:\/\/opmandamados.gr\/tr\/wp-json\/wp\/v2\/product"}],"about":[{"href":"https:\/\/opmandamados.gr\/tr\/wp-json\/wp\/v2\/types\/product"}],"wp:featuredmedia":[{"embeddable":true,"href":"https:\/\/opmandamados.gr\/tr\/wp-json\/wp\/v2\/media\/1211"}],"wp:attachment":[{"href":"https:\/\/opmandamados.gr\/tr\/wp-json\/wp\/v2\/media?parent=1210"}],"wp:term":[{"taxonomy":"product_brand","embeddable":true,"href":"https:\/\/opmandamados.gr\/tr\/wp-json\/wp\/v2\/product_brand?post=1210"},{"taxonomy":"product_cat","embeddable":true,"href":"https:\/\/opmandamados.gr\/tr\/wp-json\/wp\/v2\/product_cat?post=1210"},{"taxonomy":"product_tag","embeddable":true,"href":"https:\/\/opmandamados.gr\/tr\/wp-json\/wp\/v2\/product_tag?post=1210"}],"curies":[{"name":"wp","href":"https:\/\/api.w.org\/{rel}","templated":true}]}}