{"id":1517,"date":"2021-03-08T15:30:37","date_gmt":"2021-03-08T13:30:37","guid":{"rendered":"https:\/\/opmandamados.gr\/?post_type=product&#038;p=1517"},"modified":"2026-01-27T11:33:12","modified_gmt":"2026-01-27T09:33:12","slug":"%ce%bc%cf%85%ce%b6%ce%b7%ce%b8%cf%81%ce%b1-%ce%be%ce%b5%cf%81%ce%b7","status":"publish","type":"product","link":"https:\/\/opmandamados.gr\/tr\/product\/%ce%bc%cf%85%ce%b6%ce%b7%ce%b8%cf%81%ce%b1-%ce%be%ce%b5%cf%81%ce%b7\/","title":{"rendered":"KURU M\u0130Z\u0130TRA"},"content":{"rendered":"<p>Geleneksel \u00fcr\u00fcn<\/p>","protected":false},"excerpt":{"rendered":"<p>Geleneksel \u00fcr\u00fcn<\/p>\n<p><strong>Ambalaj: 300gr, 600gr.<\/strong><br \/>\n<strong>Kilo ba\u015f\u0131na fiyat \u20ac 17,00<\/strong><\/p>\n","protected":false},"featured_media":1518,"template":"","meta":[],"product_brand":[],"product_cat":[54],"product_tag":[],"class_list":{"0":"post-1517","1":"product","2":"type-product","3":"status-publish","4":"has-post-thumbnail","6":"product_cat-54","8":"first","9":"instock","10":"shipping-taxable","11":"purchasable","12":"product-type-variable"},"_links":{"self":[{"href":"https:\/\/opmandamados.gr\/tr\/wp-json\/wp\/v2\/product\/1517","targetHints":{"allow":["GET"]}}],"collection":[{"href":"https:\/\/opmandamados.gr\/tr\/wp-json\/wp\/v2\/product"}],"about":[{"href":"https:\/\/opmandamados.gr\/tr\/wp-json\/wp\/v2\/types\/product"}],"wp:featuredmedia":[{"embeddable":true,"href":"https:\/\/opmandamados.gr\/tr\/wp-json\/wp\/v2\/media\/1518"}],"wp:attachment":[{"href":"https:\/\/opmandamados.gr\/tr\/wp-json\/wp\/v2\/media?parent=1517"}],"wp:term":[{"taxonomy":"product_brand","embeddable":true,"href":"https:\/\/opmandamados.gr\/tr\/wp-json\/wp\/v2\/product_brand?post=1517"},{"taxonomy":"product_cat","embeddable":true,"href":"https:\/\/opmandamados.gr\/tr\/wp-json\/wp\/v2\/product_cat?post=1517"},{"taxonomy":"product_tag","embeddable":true,"href":"https:\/\/opmandamados.gr\/tr\/wp-json\/wp\/v2\/product_tag?post=1517"}],"curies":[{"name":"wp","href":"https:\/\/api.w.org\/{rel}","templated":true}]}}