{"id":99,"date":"2021-03-09T20:30:12","date_gmt":"2021-03-09T18:30:12","guid":{"rendered":"https:\/\/opmandamados.gr\/index.php\/product\/lemon-hand-sanitizer\/"},"modified":"2026-01-27T10:42:27","modified_gmt":"2026-01-27T08:42:27","slug":"%ce%bb%ce%b1%ce%b4%ce%bf%cf%84%cf%85%cf%81%ce%b9-%ce%bc%cf%85%cf%84%ce%b9%ce%bb%ce%b7%ce%bd%ce%b7%cf%83-%cf%80-%ce%bf-%cf%80","status":"publish","type":"product","link":"https:\/\/opmandamados.gr\/tr\/product\/%ce%bb%ce%b1%ce%b4%ce%bf%cf%84%cf%85%cf%81%ce%b9-%ce%bc%cf%85%cf%84%ce%b9%ce%bb%ce%b7%ce%bd%ce%b7%cf%83-%cf%80-%ce%bf-%cf%80\/","title":{"rendered":"M\u0130D\u0130LL\u0130 YA\u011eLI PEYN\u0130R\u0130 M.K.\u00dc."},"content":{"rendered":"<p>Geleneksel Yunan sert peyniri, Men\u015fei Korumal\u0131 \u00dcr\u00fcn, Midilli Adas\u0131nda koyun ve ke\u00e7i s\u00fct\u00fcn\u00fcn kar\u0131\u015ft\u0131r\u0131lmas\u0131yla \u00fcretilmektedir. \u00d6zel silindirik bir \u015fekle sahiptir ve a\u011f\u0131rl\u0131\u011f\u0131 yakla\u015f\u0131k bir kilodur. Bodrumda ve serin odalarda en az \u00fc\u00e7 ayl\u0131k bir s\u00fcrede olgunla\u015fmaktad\u0131r. <\/p>\n<p>Ayn\u0131 zamanda, \u201ckefalaki\u201d olarak da bilinir. Eskiden \u00fcreticiler bu peyniri zeytinya\u011f\u0131nda muhafaza ederlerdi, bu sebeple \u201cya\u011fl\u0131 peynir\u201d (ladotiri) olarak da adland\u0131r\u0131l\u0131r. <\/p>\n<p>Baharatl\u0131 bir tada ve sert bir dokuya sahiptir. Ortalama bile\u015fimi ise maksimum nem oran\u0131 %38 ve kurumadde ya\u011f\u0131 %40\u2019t\u0131r. Sofral\u0131k peynir ve k\u0131zartma peyniri olarak t\u00fcketilmektedir.<\/p>","protected":false},"excerpt":{"rendered":"<p>Geleneksel Yunan sert peyniri, Men\u015fei Korumal\u0131 \u00dcr\u00fcn, Midilli Adas\u0131nda koyun ve ke\u00e7i s\u00fct\u00fcn\u00fcn kar\u0131\u015ft\u0131r\u0131lmas\u0131yla \u00fcretilmektedir. \u00d6zel silindirik bir \u015fekle sahiptir ve a\u011f\u0131rl\u0131\u011f\u0131 yakla\u015f\u0131k bir kilodur. Bodrumda ve serin odalarda en az \u00fc\u00e7 ayl\u0131k bir s\u00fcrede olgunla\u015fmaktad\u0131r.<br \/>\n<strong>Kilo ba\u015f\u0131na fiyat \u20ac 17,00<\/strong><\/p>\n<p><strong>\u00a0<\/strong><\/p>\n","protected":false},"featured_media":1182,"template":"","meta":[],"product_brand":[],"product_cat":[54],"product_tag":[],"class_list":{"0":"post-99","1":"product","2":"type-product","3":"status-publish","4":"has-post-thumbnail","6":"product_cat-54","8":"first","9":"instock","10":"featured","11":"shipping-taxable","12":"purchasable","13":"product-type-variable"},"_links":{"self":[{"href":"https:\/\/opmandamados.gr\/tr\/wp-json\/wp\/v2\/product\/99","targetHints":{"allow":["GET"]}}],"collection":[{"href":"https:\/\/opmandamados.gr\/tr\/wp-json\/wp\/v2\/product"}],"about":[{"href":"https:\/\/opmandamados.gr\/tr\/wp-json\/wp\/v2\/types\/product"}],"wp:featuredmedia":[{"embeddable":true,"href":"https:\/\/opmandamados.gr\/tr\/wp-json\/wp\/v2\/media\/1182"}],"wp:attachment":[{"href":"https:\/\/opmandamados.gr\/tr\/wp-json\/wp\/v2\/media?parent=99"}],"wp:term":[{"taxonomy":"product_brand","embeddable":true,"href":"https:\/\/opmandamados.gr\/tr\/wp-json\/wp\/v2\/product_brand?post=99"},{"taxonomy":"product_cat","embeddable":true,"href":"https:\/\/opmandamados.gr\/tr\/wp-json\/wp\/v2\/product_cat?post=99"},{"taxonomy":"product_tag","embeddable":true,"href":"https:\/\/opmandamados.gr\/tr\/wp-json\/wp\/v2\/product_tag?post=99"}],"curies":[{"name":"wp","href":"https:\/\/api.w.org\/{rel}","templated":true}]}}